{"id":52,"date":"2024-08-04T07:42:52","date_gmt":"2024-08-04T07:42:52","guid":{"rendered":"https:\/\/themexriver.com\/wp\/indsro\/?page_id=52"},"modified":"2026-03-22T01:02:11","modified_gmt":"2026-03-22T00:02:11","slug":"our-services","status":"publish","type":"page","link":"https:\/\/hydroroxglobal.com\/fr\/our-services\/","title":{"rendered":"Nos Services"},"content":{"rendered":"<div data-elementor-type=\"wp-page\" data-elementor-id=\"52\" class=\"elementor elementor-52\">\n\t\t\t\t<div class=\"elementor-element elementor-element-9330019 e-flex e-con-boxed e-con e-parent\" data-id=\"9330019\" data-element_type=\"container\">\n\t\t\t\t\t<div class=\"e-con-inner\">\n\t\t\t\t<div class=\"elementor-element elementor-element-31f848a elementor-widget elementor-widget-spacer\" data-id=\"31f848a\" data-element_type=\"widget\" data-widget_type=\"spacer.default\">\n\t\t\t\t\t\t\t<div class=\"elementor-spacer\">\n\t\t\t<div class=\"elementor-spacer-inner\"><\/div>\n\t\t<\/div>\n\t\t\t\t\t\t<\/div>\n\t\t\t\t<div class=\"elementor-element elementor-element-3100cd2 elementor-widget elementor-widget-tx_heading elh-el tx_heading\" data-id=\"3100cd2\" data-element_type=\"widget\" data-settings=\"{&quot;design_style&quot;:&quot;style_1&quot;}\" data-widget_type=\"tx_heading.default\">\n\t\t\t\t<div class=\"elementor-widget-container\">\n\t\t\t\t\t<div class=\"services-title-wrap tx-heading-section\">\r\n        <h5 class=\"fti-subtitle-4 tx-subTitle\">Nos Services<\/h5>\r\n    <h2 class=\"tx-title fti-section-title-4 fti-split-text fti-split-in-right-4\">Nous fournissons les meilleurs services<\/h2>    <\/div>\t\t\t\t<\/div>\n\t\t\t\t<\/div>\n\t\t\t\t\t<\/div>\n\t\t\t\t<\/div>\n\t\t<div class=\"elementor-element elementor-element-8f17b5c e-grid e-con-boxed e-con e-parent\" data-id=\"8f17b5c\" data-element_type=\"container\">\n\t\t\t\t\t<div class=\"e-con-inner\">\n\t\t\t\t<div class=\"elementor-element elementor-element-e5bb9d1 elementor-invisible elementor-widget elementor-widget-tx_info_box elh-el tx_info_box\" data-id=\"e5bb9d1\" data-element_type=\"widget\" data-settings=\"{&quot;design_style&quot;:&quot;style_10&quot;,&quot;_animation&quot;:&quot;fadeInUp&quot;}\" data-widget_type=\"tx_info_box.default\">\n\t\t\t\t<div class=\"elementor-widget-container\">\n\t\t\t\t\t<div class=\"fti-services-2-item\">\r\n        <div class=\"main-img img-cover\">\r\n        <img \r\n        alt=\"WhatsApp Image 2025-10-10 at 09.17.17_428c8e1a\" >\r\n    <\/div>\r\n        <div class=\"content\">\r\n                <div class=\"content-bg\">\r\n            <img \r\n            alt=\"Our Services\" >\r\n        <\/div>\r\n        \r\n                <div class=\"icon-wrap\">\r\n            <span class=\"icon-1\">\r\n                <i aria-hidden=\"true\" class=\"flaticon flaticon-pump-jack\"><\/i>            <\/span>\r\n            <div class=\"divider\"><\/div>\r\n        <\/div>\r\n        \r\n        <div class=\"title-wrap\">\r\n                        <h5 class=\"fti-heading-2 title\">\r\n                <a\r\n                    href=\"\/fr\/services\/high-pressure-hydraulic-hoses\/\"\r\n                    target=\"_self\"\r\n                    rel= \"\"\r\n                    aria-label=\"TUYAUX ET RACCORDS HYDRAULIQUES HAUTE PRESSION\">\r\n                    TUYAUX ET RACCORDS HYDRAULIQUES HAUTE PRESSION                <\/a>\r\n            <\/h5>\r\n                                    <p class=\"fti-para-2 disc\">Fourniture de flexibles et raccords hydrauliques haut de gamme, garantissant des performances et une s\u00e9curit\u00e9 maximales pour vos machines industrielles lourdes.<\/p>\r\n                    <\/div>\r\n\r\n        <!-- btn  -->\r\n        <div class=\"btn-wrap\">\r\n            <a class=\"services-2-btn\"\r\n            href=\"\/fr\/services\/high-pressure-hydraulic-hoses\/\"\r\n            target=\"_self\"\r\n            rel= \"\"\r\n            aria-label=\"TUYAUX ET RACCORDS HYDRAULIQUES HAUTE PRESSION\">\r\n                                <span class=\"btn-text\">\r\n                    En savoir plus                <\/span>\r\n                \r\n                                <span class=\"icon\">\r\n                    <i aria-hidden=\"true\" class=\"flaticon flaticon-arrow-right\"><\/i>                <\/span>\r\n                            <\/a>\r\n        <\/div>\r\n    <\/div>\r\n<\/div>\t\t\t\t<\/div>\n\t\t\t\t<\/div>\n\t\t\t\t<div class=\"elementor-element elementor-element-aebc118 elementor-invisible elementor-widget elementor-widget-tx_info_box elh-el tx_info_box\" data-id=\"aebc118\" data-element_type=\"widget\" data-settings=\"{&quot;design_style&quot;:&quot;style_10&quot;,&quot;_animation&quot;:&quot;fadeInUp&quot;}\" data-widget_type=\"tx_info_box.default\">\n\t\t\t\t<div class=\"elementor-widget-container\">\n\t\t\t\t\t<div class=\"fti-services-2-item\">\r\n        <div class=\"main-img img-cover\">\r\n        <img \r\n        alt=\"service2\" >\r\n    <\/div>\r\n        <div class=\"content\">\r\n                <div class=\"content-bg\">\r\n            <img \r\n            alt=\"Our Services\" >\r\n        <\/div>\r\n        \r\n                <div class=\"icon-wrap\">\r\n            <span class=\"icon-1\">\r\n                <i aria-hidden=\"true\" class=\"flaticon flaticon-pump-jack\"><\/i>            <\/span>\r\n            <div class=\"divider\"><\/div>\r\n        <\/div>\r\n        \r\n        <div class=\"title-wrap\">\r\n                        <h5 class=\"fti-heading-2 title\">\r\n                <a\r\n                    href=\"\/fr\/services\/fire-suppression-systems\/\"\r\n                    target=\"_self\"\r\n                    rel= \"\"\r\n                    aria-label=\"FSS \u2013 SYST\u00c8MES D&#039;EXTINCTION D&#039;INCENDIE\">\r\n                    FSS \u2013 SYST\u00c8MES D'EXTINCTION D'INCENDIE                <\/a>\r\n            <\/h5>\r\n                                    <p class=\"fti-para-2 disc\">Concevoir, installer et entretenir des syst\u00e8mes essentiels d'extinction automatique d'incendie pour prot\u00e9ger les \u00e9quipements lourds contre les risques d'incendie.<\/p>\r\n                    <\/div>\r\n\r\n        <!-- btn  -->\r\n        <div class=\"btn-wrap\">\r\n            <a class=\"services-2-btn\"\r\n            href=\"\/fr\/services\/fire-suppression-systems\/\"\r\n            target=\"_self\"\r\n            rel= \"\"\r\n            aria-label=\"FSS \u2013 SYST\u00c8MES D&#039;EXTINCTION D&#039;INCENDIE\">\r\n                                <span class=\"btn-text\">\r\n                    En savoir plus                <\/span>\r\n                \r\n                                <span class=\"icon\">\r\n                    <i aria-hidden=\"true\" class=\"flaticon flaticon-arrow-right\"><\/i>                <\/span>\r\n                            <\/a>\r\n        <\/div>\r\n    <\/div>\r\n<\/div>\t\t\t\t<\/div>\n\t\t\t\t<\/div>\n\t\t\t\t<div class=\"elementor-element elementor-element-2fb650c elementor-invisible elementor-widget elementor-widget-tx_info_box elh-el tx_info_box\" data-id=\"2fb650c\" data-element_type=\"widget\" data-settings=\"{&quot;design_style&quot;:&quot;style_10&quot;,&quot;_animation&quot;:&quot;fadeInUp&quot;}\" data-widget_type=\"tx_info_box.default\">\n\t\t\t\t<div class=\"elementor-widget-container\">\n\t\t\t\t\t<div class=\"fti-services-2-item\">\r\n        <div class=\"main-img img-cover\">\r\n        <img \r\n        alt=\"service3\" >\r\n    <\/div>\r\n        <div class=\"content\">\r\n                <div class=\"content-bg\">\r\n            <img \r\n            alt=\"Our Services\" >\r\n        <\/div>\r\n        \r\n                <div class=\"icon-wrap\">\r\n            <span class=\"icon-1\">\r\n                <i aria-hidden=\"true\" class=\"flaticon flaticon-pump-jack\"><\/i>            <\/span>\r\n            <div class=\"divider\"><\/div>\r\n        <\/div>\r\n        \r\n        <div class=\"title-wrap\">\r\n                        <h5 class=\"fti-heading-2 title\">\r\n                <a\r\n                    href=\"\/fr\/services\/mining-and-industrial-equipment-and-accessories\/\"\r\n                    target=\"_self\"\r\n                    rel= \"\"\r\n                    aria-label=\"\u00c9QUIPEMENTS ET ACCESSOIRES POUR LES INDUSTRIES MINI\u00c8RES ET INDUSTRIELLES\">\r\n                    \u00c9QUIPEMENTS ET ACCESSOIRES POUR LES INDUSTRIES MINI\u00c8RES ET INDUSTRIELLES                <\/a>\r\n            <\/h5>\r\n                                    <p class=\"fti-para-2 disc\">Fourniture et approvisionnement d'une gamme compl\u00e8te d'\u00e9quipements et d'accessoires sp\u00e9cialis\u00e9s et durables pour les secteurs minier et industriel. <\/p>\r\n                    <\/div>\r\n\r\n        <!-- btn  -->\r\n        <div class=\"btn-wrap\">\r\n            <a class=\"services-2-btn\"\r\n            href=\"\/fr\/services\/mining-and-industrial-equipment-and-accessories\/\"\r\n            target=\"_self\"\r\n            rel= \"\"\r\n            aria-label=\"\u00c9QUIPEMENTS ET ACCESSOIRES POUR LES INDUSTRIES MINI\u00c8RES ET INDUSTRIELLES\">\r\n                                <span class=\"btn-text\">\r\n                    En savoir plus                <\/span>\r\n                \r\n                                <span class=\"icon\">\r\n                    <i aria-hidden=\"true\" class=\"flaticon flaticon-arrow-right\"><\/i>                <\/span>\r\n                            <\/a>\r\n        <\/div>\r\n    <\/div>\r\n<\/div>\t\t\t\t<\/div>\n\t\t\t\t<\/div>\n\t\t\t\t\t<\/div>\n\t\t\t\t<\/div>\n\t\t<div class=\"elementor-element elementor-element-a20a741 e-grid e-con-boxed e-con e-parent\" data-id=\"a20a741\" data-element_type=\"container\">\n\t\t\t\t\t<div class=\"e-con-inner\">\n\t\t\t\t<div class=\"elementor-element elementor-element-dfba924 elementor-invisible elementor-widget elementor-widget-tx_info_box elh-el tx_info_box\" data-id=\"dfba924\" data-element_type=\"widget\" data-settings=\"{&quot;design_style&quot;:&quot;style_10&quot;,&quot;_animation&quot;:&quot;fadeInUp&quot;}\" data-widget_type=\"tx_info_box.default\">\n\t\t\t\t<div class=\"elementor-widget-container\">\n\t\t\t\t\t<div class=\"fti-services-2-item\">\r\n        <div class=\"main-img img-cover\">\r\n        <img \r\n        alt=\"WhatsApp\" >\r\n    <\/div>\r\n        <div class=\"content\">\r\n                <div class=\"content-bg\">\r\n            <img \r\n            alt=\"Our Services\" >\r\n        <\/div>\r\n        \r\n                <div class=\"icon-wrap\">\r\n            <span class=\"icon-1\">\r\n                <i aria-hidden=\"true\" class=\"flaticon flaticon-pump-jack\"><\/i>            <\/span>\r\n            <div class=\"divider\"><\/div>\r\n        <\/div>\r\n        \r\n        <div class=\"title-wrap\">\r\n                        <h5 class=\"fti-heading-2 title\">\r\n                <a\r\n                    href=\"\/fr\/services\/central-lubrication-systems\/\"\r\n                    target=\"_self\"\r\n                    rel= \"\"\r\n                    aria-label=\"CLS \u2013 SYST\u00c8MES DE LUBRIFICATION CENTRAUX\">\r\n                    CLS \u2013 SYST\u00c8MES DE LUBRIFICATION CENTRAUX                <\/a>\r\n            <\/h5>\r\n                                    <p class=\"fti-para-2 disc\">Nous concevons et installons des syst\u00e8mes de lubrification centralis\u00e9e automatis\u00e9s pour une efficacit\u00e9 maximale des machines et des co\u00fbts de maintenance r\u00e9duits.<\/p>\r\n                    <\/div>\r\n\r\n        <!-- btn  -->\r\n        <div class=\"btn-wrap\">\r\n            <a class=\"services-2-btn\"\r\n            href=\"\/fr\/services\/central-lubrication-systems\/\"\r\n            target=\"_self\"\r\n            rel= \"\"\r\n            aria-label=\"CLS \u2013 SYST\u00c8MES DE LUBRIFICATION CENTRAUX\">\r\n                                <span class=\"btn-text\">\r\n                    En savoir plus                <\/span>\r\n                \r\n                                <span class=\"icon\">\r\n                    <i aria-hidden=\"true\" class=\"flaticon flaticon-arrow-right\"><\/i>                <\/span>\r\n                            <\/a>\r\n        <\/div>\r\n    <\/div>\r\n<\/div>\t\t\t\t<\/div>\n\t\t\t\t<\/div>\n\t\t\t\t<div class=\"elementor-element elementor-element-a4a627b elementor-invisible elementor-widget elementor-widget-tx_info_box elh-el tx_info_box\" data-id=\"a4a627b\" data-element_type=\"widget\" data-settings=\"{&quot;design_style&quot;:&quot;style_10&quot;,&quot;_animation&quot;:&quot;fadeInUp&quot;}\" data-widget_type=\"tx_info_box.default\">\n\t\t\t\t<div class=\"elementor-widget-container\">\n\t\t\t\t\t<div class=\"fti-services-2-item\">\r\n        <div class=\"main-img img-cover\">\r\n        <img \r\n        alt=\"WhatsApp Image 2026-03-03 at 14.47.12 (9)\" >\r\n    <\/div>\r\n        <div class=\"content\">\r\n                <div class=\"content-bg\">\r\n            <img \r\n            alt=\"Our Services\" >\r\n        <\/div>\r\n        \r\n                <div class=\"icon-wrap\">\r\n            <span class=\"icon-1\">\r\n                <i aria-hidden=\"true\" class=\"flaticon flaticon-pump-jack\"><\/i>            <\/span>\r\n            <div class=\"divider\"><\/div>\r\n        <\/div>\r\n        \r\n        <div class=\"title-wrap\">\r\n                        <h5 class=\"fti-heading-2 title\">\r\n                <a\r\n                    href=\"\/fr\/services\/technical-services\/\"\r\n                    target=\"_self\"\r\n                    rel= \"\"\r\n                    aria-label=\"SERVICES TECHNIQUES\">\r\n                    SERVICES TECHNIQUES                <\/a>\r\n            <\/h5>\r\n                                    <p class=\"fti-para-2 disc\">Installation professionnelle de tous les syst\u00e8mes, programmes de maintenance pr\u00e9ventive ou corrective sur mesure et formation pratique compl\u00e8te pour vos \u00e9quipes<\/p>\r\n                    <\/div>\r\n\r\n        <!-- btn  -->\r\n        <div class=\"btn-wrap\">\r\n            <a class=\"services-2-btn\"\r\n            href=\"\/fr\/services\/technical-services\/\"\r\n            target=\"_self\"\r\n            rel= \"\"\r\n            aria-label=\"SERVICES TECHNIQUES\">\r\n                                <span class=\"btn-text\">\r\n                    En savoir plus                <\/span>\r\n                \r\n                                <span class=\"icon\">\r\n                    <i aria-hidden=\"true\" class=\"flaticon flaticon-arrow-right\"><\/i>                <\/span>\r\n                            <\/a>\r\n        <\/div>\r\n    <\/div>\r\n<\/div>\t\t\t\t<\/div>\n\t\t\t\t<\/div>\n\t\t\t\t<div class=\"elementor-element elementor-element-60b4683 elementor-invisible elementor-widget elementor-widget-tx_info_box elh-el tx_info_box\" data-id=\"60b4683\" data-element_type=\"widget\" data-settings=\"{&quot;design_style&quot;:&quot;style_10&quot;,&quot;_animation&quot;:&quot;fadeInUp&quot;}\" data-widget_type=\"tx_info_box.default\">\n\t\t\t\t<div class=\"elementor-widget-container\">\n\t\t\t\t\t<div class=\"fti-services-2-item\">\r\n        <div class=\"main-img img-cover\">\r\n        <img \r\n        alt=\"WhatsApp Image 2026-03-03 at 14.47.13 (13)\" >\r\n    <\/div>\r\n        <div class=\"content\">\r\n                <div class=\"content-bg\">\r\n            <img \r\n            alt=\"Our Services\" >\r\n        <\/div>\r\n        \r\n                <div class=\"icon-wrap\">\r\n            <span class=\"icon-1\">\r\n                <i aria-hidden=\"true\" class=\"flaticon flaticon-pump-jack\"><\/i>            <\/span>\r\n            <div class=\"divider\"><\/div>\r\n        <\/div>\r\n        \r\n        <div class=\"title-wrap\">\r\n                        <h5 class=\"fti-heading-2 title\">\r\n                <a\r\n                    href=\"\/fr\/services\/technical-services\/\"\r\n                    target=\"_self\"\r\n                    rel= \"\"\r\n                    aria-label=\"ASSISTANCE SUR SITE \">\r\n                    ASSISTANCE SUR SITE                 <\/a>\r\n            <\/h5>\r\n                                    <p class=\"fti-para-2 disc\">Des techniciens experts assurent une assistance sur site rapide et cibl\u00e9e pour les diagnostics, le d\u00e9pannage d'urgence et l'assistance technique critique.<\/p>\r\n                    <\/div>\r\n\r\n        <!-- btn  -->\r\n        <div class=\"btn-wrap\">\r\n            <a class=\"services-2-btn\"\r\n            href=\"\/fr\/services\/technical-services\/\"\r\n            target=\"_self\"\r\n            rel= \"\"\r\n            aria-label=\"ASSISTANCE SUR SITE \">\r\n                                <span class=\"btn-text\">\r\n                    En savoir plus                <\/span>\r\n                \r\n                                <span class=\"icon\">\r\n                    <i aria-hidden=\"true\" class=\"flaticon flaticon-arrow-right\"><\/i>                <\/span>\r\n                            <\/a>\r\n        <\/div>\r\n    <\/div>\r\n<\/div>\t\t\t\t<\/div>\n\t\t\t\t<\/div>\n\t\t\t\t\t<\/div>\n\t\t\t\t<\/div>\n\t\t\t\t<\/div>","protected":false},"excerpt":{"rendered":"<p>Our Services We provide best services HIGH-PRESSURE HYDRAULIC HOSES AND FITTINGS Supply premium hydraulic hoses and fittings, ensuring maximum performance and safety for your heavy industrial machinery. Read More FSS \u2013 FIRE SUPPRESSION SYSTEMS Design, install, and maintain essential automatic fire suppression systems to protect heavy equipment from fire hazards Read More MINING AND INDUSTRIAL [&hellip;]<\/p>\n","protected":false},"author":1,"featured_media":0,"parent":0,"menu_order":0,"comment_status":"closed","ping_status":"closed","template":"elementor_header_footer","meta":{"inline_featured_image":false,"_monsterinsights_skip_tracking":false,"_monsterinsights_sitenote_active":false,"_monsterinsights_sitenote_note":"","_monsterinsights_sitenote_category":0,"footnotes":""},"class_list":["post-52","page","type-page","status-publish","hentry"],"aioseo_notices":[],"yoast_head":"<!-- This site is optimized with the Yoast SEO plugin v26.0 - https:\/\/yoast.com\/wordpress\/plugins\/seo\/ -->\n<title>Our Services - Hydrorox Global Consulting<\/title>\n<meta name=\"robots\" content=\"index, follow, max-snippet:-1, max-image-preview:large, max-video-preview:-1\" \/>\n<link rel=\"canonical\" href=\"https:\/\/hydroroxglobal.com\/fr\/our-services\/\" \/>\n<meta property=\"og:locale\" content=\"fr_FR\" \/>\n<meta property=\"og:type\" content=\"article\" \/>\n<meta property=\"og:title\" content=\"Our Services - Hydrorox Global Consulting\" \/>\n<meta property=\"og:description\" content=\"Our Services We provide best services HIGH-PRESSURE HYDRAULIC HOSES AND FITTINGS Supply premium hydraulic hoses and fittings, ensuring maximum performance and safety for your heavy industrial machinery. Read More FSS \u2013 FIRE SUPPRESSION SYSTEMS Design, install, and maintain essential automatic fire suppression systems to protect heavy equipment from fire hazards Read More MINING AND INDUSTRIAL [&hellip;]\" \/>\n<meta property=\"og:url\" content=\"https:\/\/hydroroxglobal.com\/fr\/our-services\/\" \/>\n<meta property=\"og:site_name\" content=\"Hydrorox Global Consulting\" \/>\n<meta property=\"article:modified_time\" content=\"2026-03-22T00:02:11+00:00\" \/>\n<meta property=\"og:image\" content=\"https:\/\/hydroroxglobal.com\/wp-content\/uploads\/2025\/10\/WhatsApp-Image-2025-10-10-at-09.17.17_428c8e1a.png\" \/>\n<meta name=\"twitter:card\" content=\"summary_large_image\" \/>\n<meta name=\"twitter:label1\" content=\"Dur\u00e9e de lecture estim\u00e9e\" \/>\n\t<meta name=\"twitter:data1\" content=\"4 minutes\" \/>\n<script type=\"application\/ld+json\" class=\"yoast-schema-graph\">{\"@context\":\"https:\/\/schema.org\",\"@graph\":[{\"@type\":\"WebPage\",\"@id\":\"https:\/\/hydroroxglobal.com\/our-services\/\",\"url\":\"https:\/\/hydroroxglobal.com\/our-services\/\",\"name\":\"Our Services - Hydrorox Global Consulting\",\"isPartOf\":{\"@id\":\"https:\/\/hydroroxglobal.com\/#website\"},\"primaryImageOfPage\":{\"@id\":\"https:\/\/hydroroxglobal.com\/our-services\/#primaryimage\"},\"image\":{\"@id\":\"https:\/\/hydroroxglobal.com\/our-services\/#primaryimage\"},\"thumbnailUrl\":\"https:\/\/hydroroxglobal.com\/wp-content\/uploads\/2025\/10\/WhatsApp-Image-2025-10-10-at-09.17.17_428c8e1a.png\",\"datePublished\":\"2024-08-04T07:42:52+00:00\",\"dateModified\":\"2026-03-22T00:02:11+00:00\",\"breadcrumb\":{\"@id\":\"https:\/\/hydroroxglobal.com\/our-services\/#breadcrumb\"},\"inLanguage\":\"fr-FR\",\"potentialAction\":[{\"@type\":\"ReadAction\",\"target\":[\"https:\/\/hydroroxglobal.com\/our-services\/\"]}]},{\"@type\":\"ImageObject\",\"inLanguage\":\"fr-FR\",\"@id\":\"https:\/\/hydroroxglobal.com\/our-services\/#primaryimage\",\"url\":\"https:\/\/hydroroxglobal.com\/wp-content\/uploads\/2025\/10\/WhatsApp-Image-2025-10-10-at-09.17.17_428c8e1a.png\",\"contentUrl\":\"https:\/\/hydroroxglobal.com\/wp-content\/uploads\/2025\/10\/WhatsApp-Image-2025-10-10-at-09.17.17_428c8e1a.png\"},{\"@type\":\"BreadcrumbList\",\"@id\":\"https:\/\/hydroroxglobal.com\/our-services\/#breadcrumb\",\"itemListElement\":[{\"@type\":\"ListItem\",\"position\":1,\"name\":\"Home\",\"item\":\"https:\/\/hydroroxglobal.com\/\"},{\"@type\":\"ListItem\",\"position\":2,\"name\":\"Our Services\"}]},{\"@type\":\"WebSite\",\"@id\":\"https:\/\/hydroroxglobal.com\/#website\",\"url\":\"https:\/\/hydroroxglobal.com\/\",\"name\":\"Hydrorox Global Consulting\",\"description\":\"STRONG CONNECTIONS\",\"publisher\":{\"@id\":\"https:\/\/hydroroxglobal.com\/#organization\"},\"potentialAction\":[{\"@type\":\"SearchAction\",\"target\":{\"@type\":\"EntryPoint\",\"urlTemplate\":\"https:\/\/hydroroxglobal.com\/?s={search_term_string}\"},\"query-input\":{\"@type\":\"PropertyValueSpecification\",\"valueRequired\":true,\"valueName\":\"search_term_string\"}}],\"inLanguage\":\"fr-FR\"},{\"@type\":\"Organization\",\"@id\":\"https:\/\/hydroroxglobal.com\/#organization\",\"name\":\"Hydrorox Global Consulting\",\"url\":\"https:\/\/hydroroxglobal.com\/\",\"logo\":{\"@type\":\"ImageObject\",\"inLanguage\":\"fr-FR\",\"@id\":\"https:\/\/hydroroxglobal.com\/#\/schema\/logo\/image\/\",\"url\":\"https:\/\/hydroroxglobal.com\/wp-content\/uploads\/2024\/09\/cropped-hydrorox-logo-e1759421225368.png\",\"contentUrl\":\"https:\/\/hydroroxglobal.com\/wp-content\/uploads\/2024\/09\/cropped-hydrorox-logo-e1759421225368.png\",\"width\":180,\"height\":180,\"caption\":\"Hydrorox Global Consulting\"},\"image\":{\"@id\":\"https:\/\/hydroroxglobal.com\/#\/schema\/logo\/image\/\"}}]}<\/script>\n<!-- \/ Yoast SEO plugin. -->","yoast_head_json":{"title":"Our Services - Hydrorox Global Consulting","robots":{"index":"index","follow":"follow","max-snippet":"max-snippet:-1","max-image-preview":"max-image-preview:large","max-video-preview":"max-video-preview:-1"},"canonical":"https:\/\/hydroroxglobal.com\/fr\/our-services\/","og_locale":"fr_FR","og_type":"article","og_title":"Our Services - Hydrorox Global Consulting","og_description":"Our Services We provide best services HIGH-PRESSURE HYDRAULIC HOSES AND FITTINGS Supply premium hydraulic hoses and fittings, ensuring maximum performance and safety for your heavy industrial machinery. Read More FSS \u2013 FIRE SUPPRESSION SYSTEMS Design, install, and maintain essential automatic fire suppression systems to protect heavy equipment from fire hazards Read More MINING AND INDUSTRIAL [&hellip;]","og_url":"https:\/\/hydroroxglobal.com\/fr\/our-services\/","og_site_name":"Hydrorox Global Consulting","article_modified_time":"2026-03-22T00:02:11+00:00","og_image":[{"url":"https:\/\/hydroroxglobal.com\/wp-content\/uploads\/2025\/10\/WhatsApp-Image-2025-10-10-at-09.17.17_428c8e1a.png","type":"","width":"","height":""}],"twitter_card":"summary_large_image","twitter_misc":{"Dur\u00e9e de lecture estim\u00e9e":"4 minutes"},"schema":{"@context":"https:\/\/schema.org","@graph":[{"@type":"WebPage","@id":"https:\/\/hydroroxglobal.com\/our-services\/","url":"https:\/\/hydroroxglobal.com\/our-services\/","name":"Our Services - Hydrorox Global Consulting","isPartOf":{"@id":"https:\/\/hydroroxglobal.com\/#website"},"primaryImageOfPage":{"@id":"https:\/\/hydroroxglobal.com\/our-services\/#primaryimage"},"image":{"@id":"https:\/\/hydroroxglobal.com\/our-services\/#primaryimage"},"thumbnailUrl":"https:\/\/hydroroxglobal.com\/wp-content\/uploads\/2025\/10\/WhatsApp-Image-2025-10-10-at-09.17.17_428c8e1a.png","datePublished":"2024-08-04T07:42:52+00:00","dateModified":"2026-03-22T00:02:11+00:00","breadcrumb":{"@id":"https:\/\/hydroroxglobal.com\/our-services\/#breadcrumb"},"inLanguage":"fr-FR","potentialAction":[{"@type":"ReadAction","target":["https:\/\/hydroroxglobal.com\/our-services\/"]}]},{"@type":"ImageObject","inLanguage":"fr-FR","@id":"https:\/\/hydroroxglobal.com\/our-services\/#primaryimage","url":"https:\/\/hydroroxglobal.com\/wp-content\/uploads\/2025\/10\/WhatsApp-Image-2025-10-10-at-09.17.17_428c8e1a.png","contentUrl":"https:\/\/hydroroxglobal.com\/wp-content\/uploads\/2025\/10\/WhatsApp-Image-2025-10-10-at-09.17.17_428c8e1a.png"},{"@type":"BreadcrumbList","@id":"https:\/\/hydroroxglobal.com\/our-services\/#breadcrumb","itemListElement":[{"@type":"ListItem","position":1,"name":"Home","item":"https:\/\/hydroroxglobal.com\/"},{"@type":"ListItem","position":2,"name":"Our Services"}]},{"@type":"WebSite","@id":"https:\/\/hydroroxglobal.com\/#website","url":"https:\/\/hydroroxglobal.com\/","name":"Hydrorox Global Consulting","description":"STRONG CONNECTIONS","publisher":{"@id":"https:\/\/hydroroxglobal.com\/#organization"},"potentialAction":[{"@type":"SearchAction","target":{"@type":"EntryPoint","urlTemplate":"https:\/\/hydroroxglobal.com\/?s={search_term_string}"},"query-input":{"@type":"PropertyValueSpecification","valueRequired":true,"valueName":"search_term_string"}}],"inLanguage":"fr-FR"},{"@type":"Organization","@id":"https:\/\/hydroroxglobal.com\/#organization","name":"Hydrorox Global Consulting","url":"https:\/\/hydroroxglobal.com\/","logo":{"@type":"ImageObject","inLanguage":"fr-FR","@id":"https:\/\/hydroroxglobal.com\/#\/schema\/logo\/image\/","url":"https:\/\/hydroroxglobal.com\/wp-content\/uploads\/2024\/09\/cropped-hydrorox-logo-e1759421225368.png","contentUrl":"https:\/\/hydroroxglobal.com\/wp-content\/uploads\/2024\/09\/cropped-hydrorox-logo-e1759421225368.png","width":180,"height":180,"caption":"Hydrorox Global Consulting"},"image":{"@id":"https:\/\/hydroroxglobal.com\/#\/schema\/logo\/image\/"}}]}},"_links":{"self":[{"href":"https:\/\/hydroroxglobal.com\/fr\/wp-json\/wp\/v2\/pages\/52","targetHints":{"allow":["GET"]}}],"collection":[{"href":"https:\/\/hydroroxglobal.com\/fr\/wp-json\/wp\/v2\/pages"}],"about":[{"href":"https:\/\/hydroroxglobal.com\/fr\/wp-json\/wp\/v2\/types\/page"}],"author":[{"embeddable":true,"href":"https:\/\/hydroroxglobal.com\/fr\/wp-json\/wp\/v2\/users\/1"}],"replies":[{"embeddable":true,"href":"https:\/\/hydroroxglobal.com\/fr\/wp-json\/wp\/v2\/comments?post=52"}],"version-history":[{"count":9,"href":"https:\/\/hydroroxglobal.com\/fr\/wp-json\/wp\/v2\/pages\/52\/revisions"}],"predecessor-version":[{"id":5809,"href":"https:\/\/hydroroxglobal.com\/fr\/wp-json\/wp\/v2\/pages\/52\/revisions\/5809"}],"wp:attachment":[{"href":"https:\/\/hydroroxglobal.com\/fr\/wp-json\/wp\/v2\/media?parent=52"}],"curies":[{"name":"wp","href":"https:\/\/api.w.org\/{rel}","templated":true}]}}